{"id":3792,"date":"2021-11-30T11:33:11","date_gmt":"2021-11-30T11:33:11","guid":{"rendered":"https:\/\/globocortaaguas.com\/condizioni-di-utilizzo\/"},"modified":"2023-06-08T14:44:59","modified_gmt":"2023-06-08T14:44:59","slug":"condizioni-di-utilizzo","status":"publish","type":"page","link":"https:\/\/globocortaaguas.com\/it\/condizioni-di-utilizzo\/","title":{"rendered":"Condizioni di utilizzo"},"content":{"rendered":"<div class=\"fusion-fullwidth fullwidth-box fusion-builder-row-1 fusion-flex-container nonhundred-percent-fullwidth non-hundred-percent-height-scrolling\" style=\"--awb-border-radius-top-left:0px;--awb-border-radius-top-right:0px;--awb-border-radius-bottom-right:0px;--awb-border-radius-bottom-left:0px;--awb-flex-wrap:wrap;\" ><div class=\"fusion-builder-row fusion-row fusion-flex-align-items-flex-start fusion-flex-content-wrap\" style=\"max-width:1393.6px;margin-left: calc(-4% \/ 2 );margin-right: calc(-4% \/ 2 );\"><div class=\"fusion-layout-column fusion_builder_column fusion-builder-column-0 fusion_builder_column_1_1 1_1 fusion-flex-column\" style=\"--awb-bg-size:cover;--awb-width-large:100%;--awb-margin-top-large:0px;--awb-spacing-right-large:1.92%;--awb-margin-bottom-large:20px;--awb-spacing-left-large:1.92%;--awb-width-medium:100%;--awb-order-medium:0;--awb-spacing-right-medium:1.92%;--awb-spacing-left-medium:1.92%;--awb-width-small:100%;--awb-order-small:0;--awb-spacing-right-small:1.92%;--awb-spacing-left-small:1.92%;\"><div class=\"fusion-column-wrapper fusion-column-has-shadow fusion-flex-justify-content-flex-start fusion-content-layout-column\"><div class=\"fusion-title title fusion-title-1 fusion-sep-none fusion-title-text fusion-title-size-one\"><h1 class=\"fusion-title-heading title-heading-left fusion-responsive-typography-calculated\" style=\"margin:0;--fontSize:68;line-height:1.4;\">Condizioni di utilizzo<\/h1><\/div><div class=\"fusion-title title fusion-title-2 fusion-sep-none fusion-title-text fusion-title-size-three\"><h3 class=\"fusion-title-heading title-heading-left fusion-responsive-typography-calculated\" style=\"margin:0;--fontSize:40;line-height:1.1;\">1. Informazioni generali<\/h3><\/div><div class=\"fusion-text fusion-text-1\" style=\"--awb-text-transform:none;\"><p>Le presenti condizioni d&#8217;uso (le &#8220;Condizioni d&#8217;uso&#8221;) regolano l&#8217;accesso e l&#8217;utilizzo del sito web, ospitato sotto il nome di dominio www.globocortaaguas.com (il &#8220;Sito web&#8221;) e sotto qualsiasi sottodominio o pagina web da esso dipendente, nonch\u00e9 i contenuti e i servizi che il proprietario del Sito web mette a disposizione dei suoi utenti (gli &#8220;Utenti&#8221;) e stabiliscono, insieme alla Politica sulla privacy e sui cookie, relativa alla gestione dei dati personali degli Utenti, i termini e le condizioni che regolano il suddetto Sito web (i &#8220;Termini e condizioni&#8221;).<\/p>\n<p>Ai sensi dell&#8217;articolo 10 della legge 34\/2002, dell&#8217;11 luglio, sui servizi della societ\u00e0 dell&#8217;informazione e del commercio elettronico, si riportano di seguito i dati identificativi del titolare del sito web in oggetto:<\/p>\n<p><strong>EURO SISTEMAS DE RETENCI\u00d3N DE AGUAS S.L, ente con sede legale in Narcis Monturiol 7, Vilassar de Mar 08339 Barcellona, con numero di identificazione fiscale B66715707, Tel: 936 386 187 (di seguito EURO SISTEMAS DE RETENCI\u00d3N DE AGUAS)  <\/strong><\/p>\n<p>L&#8217;accesso o l&#8217;utilizzo del Sito Web da parte dell&#8217;Utente implica necessariamente, senza riserve, la conoscenza e l&#8217;accettazione dei Termini e delle Condizioni. Si raccomanda pertanto all&#8217;Utente di leggerli attentamente ogni volta che desidera accedere al suddetto Sito. In caso di mancata accettazione delle clausole contenute nelle presenti Condizioni d&#8217;uso, l&#8217;Utente dovr\u00e0 astenersi dall&#8217;accesso e\/o dall&#8217;utilizzo dei servizi e\/o dei contenuti messi a sua disposizione sul suddetto Sito e dovr\u00e0 abbandonarli.<\/p>\n<p>EURO SISTEMAS DE RETENCI\u00d3N DE AGUAS S.L, ha creato il Sito Web come mezzo per condividere le ultime notizie e novit\u00e0 del gruppo imprenditoriale EURO SISTEMAS DE RETENCI\u00d3N DE AGUAS S.L stesso e del mondo in generale che ritiene possano essere di interesse per gli utenti del Sito Web o per i clienti dello studio in relazione alle attivit\u00e0 legali, fiscali, di revisione contabile, assicurative e, in generale, a tutti i rami di attivit\u00e0 del gruppo imprenditoriale.<\/p>\n<p>Per poter utilizzare i Servizi offerti sui Siti web, gli Utenti devono essere maggiorenni e pertanto, accettando i seguenti Termini e condizioni, l&#8217;Utente dichiara di essere maggiorenne e di avere la capacit\u00e0 necessaria per contrattare i Servizi offerti sui Siti web.<\/p>\n<p>In relazione a quanto sopra, l&#8217;Utente sar\u00e0, in ogni caso, responsabile dell&#8217;esattezza e della veridicit\u00e0 dei dati forniti a EURO SISTEMAS DE RETENCI\u00d3N DE AGUAS S.L, attraverso il modulo di registrazione.<\/p>\n<p>Gli utenti minorenni interessati a contrattare i Servizi dovranno richiedere la preventiva autorizzazione dei genitori o dei tutori legali.<\/p>\n<\/div><div class=\"fusion-title title fusion-title-3 fusion-sep-none fusion-title-text fusion-title-size-three\"><h3 class=\"fusion-title-heading title-heading-left fusion-responsive-typography-calculated\" style=\"margin:0;--fontSize:40;line-height:1.1;\"><h3>2. Utilizzo del sito<\/h3><\/h3><\/div><div class=\"fusion-text fusion-text-2\" style=\"--awb-text-transform:none;\"><p>L&#8217;utente si impegna a non utilizzare il Sito per svolgere attivit\u00e0 contrarie alla legge, al buon costume, all&#8217;ordine pubblico e, in generale, a utilizzarlo in conformit\u00e0 alle condizioni stabilite nelle presenti Condizioni d&#8217;uso. Si impegna inoltre a non svolgere attivit\u00e0 pubblicitarie o di sfruttamento commerciale inviando messaggi utilizzando una falsa identit\u00e0.<\/p>\n<p>La Societ\u00e0 agisce esclusivamente come responsabile del Sito in qualit\u00e0 di fornitore di un servizio di informazione e non \u00e8 responsabile dei contenuti che, in violazione delle presenti condizioni generali, gli utenti possono inviare o pubblicare, essendo l&#8217;utente l&#8217;unico responsabile della veridicit\u00e0 e della legalit\u00e0 degli stessi.<\/p>\n<p>La Societ\u00e0 pu\u00f2 interrompere il servizio del Sito Web utilizzato dall&#8217;utente e interrompere immediatamente il rapporto con l&#8217;utente qualora rilevi un uso del Sito Web o di uno qualsiasi dei servizi offerti che possa essere considerato contrario ai termini delle presenti Condizioni d&#8217;uso.<\/p>\n<p>La Societ\u00e0 si riserva il diritto di decidere, in qualsiasi momento, in merito alla continuit\u00e0 dei servizi della societ\u00e0 dell&#8217;informazione forniti attraverso il suo sito web.<\/p>\n<p>Nel caso in cui vengano riservate aree per la partecipazione degli utenti (blog, forum, chat, commenti, condivisioni, ecc.), EURO SISTEMAS DE RETENCI\u00d3N DE AGUAS S.L. non vi parteciper\u00e0 in alcun modo e i contributi o le opinioni fornite dagli utenti saranno di loro piena responsabilit\u00e0. La Societ\u00e0 si riserva il diritto di sospendere o rimuovere i contributi o i commenti che violano questi termini e condizioni.<\/p>\n<p>Allo stesso modo, l&#8217;Utente assume che la Societ\u00e0, se del caso, possa portare all&#8217;attenzione delle autorit\u00e0 amministrative o giudiziarie qualsiasi fatto che possa costituire un&#8217;attivit\u00e0 illecita, senza la necessit\u00e0 di informare preventivamente l&#8217;Utente.<\/p>\n<\/div><div class=\"fusion-title title fusion-title-4 fusion-sep-none fusion-title-text fusion-title-size-three\"><h3 class=\"fusion-title-heading title-heading-left fusion-responsive-typography-calculated\" style=\"margin:0;--fontSize:40;line-height:1.1;\"><h3>Protezione della navigazione.<\/h3><\/h3><\/div><div class=\"fusion-text fusion-text-3\" style=\"--awb-text-transform:none;\"><p>Quando ci si collega a Internet, oltre a curare gli aspetti di base della protezione del computer, \u00e8 consigliabile prendere in considerazione le seguenti misure precauzionali:<\/p>\n<ul>\n<li>Utilizzare versioni aggiornate dei browser.<\/li>\n<li>Quando si accede all&#8217;area ad accesso limitato, verificare che l&#8217;accesso sia fornito utilizzando il protocollo di sicurezza TLS 1.1 per garantire l&#8217;integrit\u00e0 e la riservatezza delle informazioni fornite.<\/li>\n<li>Navigare su siti web noti.<\/li>\n<li>Non accettate l&#8217;esecuzione di programmi che si scaricano automaticamente, se non vi fidate della fonte del download.<\/li>\n<li>Nel caso in cui si utilizzino computer pubblici o condivisi con terzi, verificare che l&#8217;opzione di promemoria automatico della password non sia attivata.<\/li>\n<\/ul>\n<p><strong>a) Protezione con password.<\/strong><\/p>\n<p>Le password fornite sono assolutamente riservate, pertanto \u00e8 responsabilit\u00e0 dell&#8217;utente farne buon uso, osservando un dovere di diligenza nella loro custodia e utilizzo. A questo proposito, le password non devono essere scritte su carta o su documenti del computer. La password pu\u00f2 essere modificata periodicamente. In questo caso, si raccomanda che la password scelta sia difficile da dedurre e che non coincida, ad esempio, con il compleanno, la data di nascita, il numero di telefono, ecc.<\/p>\n<p>Per motivi di sicurezza, l&#8217;accesso ai servizi dei siti Web pu\u00f2 essere bloccato se la password viene inserita in modo errato per un numero successivo di volte.<\/p>\n<p><strong>b) Protezione contro i virus.<\/strong><\/p>\n<p>I virus sono programmi che vengono installati sul computer, di solito nascosti al proprietario, per scopi dannosi per l&#8217;apparecchiatura dell&#8217;utente (ad esempio per distruggere i file o il disco, per diffondersi ad altri computer o per causare il malfunzionamento del computer):<\/p>\n<ul>\n<li>Avere un software antivirus aggiornato, quindi fare riferimento alle istruzioni del produttore del software per mantenere attivo l&#8217;aggiornamento automatico.<\/li>\n<li>Eseguire la scansione dei documenti ricevuti per via elettronica o provenienti da mezzi esterni come i dispositivi portatili con l&#8217;antivirus.<\/li>\n<li>Installare software da fonti sicure che non violino i diritti di propriet\u00e0 intellettuale.<\/li>\n<li>\u00c8 consigliabile installare un sistema anti-spyware per evitare lo spyware. Si consiglia inoltre di impostare un sistema di filtraggio dello spam per limitare l&#8217;invio di posta indesiderata.<\/li>\n<li>Se si riceve posta indesiderata, \u00e8 consigliabile confermare il mittente o cancellare direttamente il messaggio. Non deve mai essere aperto, anche se proviene da un mittente conosciuto.<\/li>\n<li>Non partecipate a catene di Sant&#8217;Antonio e non inoltrate la posta in modo indiscriminato.<\/li>\n<li>Non eseguite direttamente i file allegati, \u00e8 molto pi\u00f9 sicuro estrarli prima in una directory del computer.<\/li>\n<\/ul>\n<p>La presenza di un programma antivirus non garantisce una protezione totale del computer dell&#8217;utente, principalmente per due motivi: che il programma sia cos\u00ec nuovo da essere rilevato dalla libreria antivirus del programma, oppure che si verifichi un &#8220;falso positivo&#8221;, ossia che un programma presenti nel suo codice di programmazione sequenze simili a quelle di un virus.<\/p>\n<\/div><div class=\"fusion-title title fusion-title-5 fusion-sep-none fusion-title-text fusion-title-size-three\"><h3 class=\"fusion-title-heading title-heading-left fusion-responsive-typography-calculated\" style=\"margin:0;--fontSize:40;line-height:1.1;\"><h3>Propriet\u00e0 intellettuale e industriale<\/h3><\/h3><\/div><div class=\"fusion-text fusion-text-4\" style=\"--awb-text-transform:none;\"><p>L&#8217;intero sito web: testi, immagini, marchi, grafici, loghi, pulsanti, file software, combinazioni di colori, nonch\u00e9 la struttura, la selezione, l&#8217;ordine e la presentazione dei suoi contenuti, sono protetti dalle leggi sulla propriet\u00e0 intellettuale e industriale e appartengono a EURO SISTEMAS DE RETENCI\u00d3N DE AGUAS S.L in qualit\u00e0 di autore di un&#8217;opera collettiva, e ne \u00e8 vietata la riproduzione, la distribuzione, la comunicazione pubblica e la trasformazione, salvo che per uso personale e privato.<\/p>\n<p>La Societ\u00e0 non garantisce che i contenuti siano accurati o privi di errori o che il libero utilizzo dei contenuti da parte dell&#8217;utente non violi i diritti di terzi. L&#8217;uso o l&#8217;abuso di questo sito e dei suoi contenuti \u00e8 a rischio e pericolo dell&#8217;utente.<\/p>\n<p>Allo stesso modo, \u00e8 vietata la riproduzione, la ritrasmissione, la copia, il trasferimento o la ritrasmissione, totale o parziale, delle informazioni contenute nel Sito, per qualsiasi scopo e con qualsiasi mezzo, senza la previa autorizzazione della Societ\u00e0.<\/p>\n<\/div><div class=\"fusion-title title fusion-title-6 fusion-sep-none fusion-title-text fusion-title-size-three\"><h3 class=\"fusion-title-heading title-heading-left fusion-responsive-typography-calculated\" style=\"margin:0;--fontSize:40;line-height:1.1;\"><h3>Collegamenti<\/h3><\/h3><\/div><div class=\"fusion-text fusion-text-5\" style=\"--awb-text-transform:none;\"><p>Il Sito pu\u00f2 contenere link a siti di terzi. Le pagine appartenenti a terzi non sono state revisionate e non sono controllate dalla Societ\u00e0. In ogni caso, la Societ\u00e0 non potr\u00e0 essere ritenuta responsabile per il contenuto di tali siti web o per le misure adottate in materia di privacy o di trattamento dei dati personali dell&#8217;utente.<\/p>\n<p>La Societ\u00e0 raccomanda di leggere attentamente le condizioni d&#8217;uso e l&#8217;informativa sulla privacy di questi siti.<\/p>\n<p>Se siete interessati ad attivare un link a una qualsiasi pagina della Societ\u00e0, dovete informare la Societ\u00e0 e ottenere il consenso esplicito alla creazione del link. La Societ\u00e0 si riserva il diritto di opporsi all&#8217;attivazione di link al proprio sito web.<\/p>\n<\/div><div class=\"fusion-title title fusion-title-7 fusion-sep-none fusion-title-text fusion-title-size-three\"><h3 class=\"fusion-title-heading title-heading-left fusion-responsive-typography-calculated\" style=\"margin:0;--fontSize:40;line-height:1.1;\">Minori<\/h3><\/div><div class=\"fusion-text fusion-text-6\" style=\"--awb-text-transform:none;\"><p>L&#8217;accesso e l&#8217;utilizzo del portale da parte di persone non autorizzate di et\u00e0 inferiore ai 18 anni \u00e8 vietato.<\/p>\n<p>La Societ\u00e0 ricorda agli utenti maggiorenni responsabili di minori che \u00e8 loro esclusiva responsabilit\u00e0 determinare quali servizi e\/o contenuti non sono adatti alla loro et\u00e0.<\/p>\n<p>La Societ\u00e0 informa che esistono programmi informatici che consentono di filtrare e bloccare l&#8217;accesso a determinati contenuti e servizi, in modo che i genitori o i tutori, ad esempio, possano decidere a quali contenuti e servizi Internet i minori possono accedere e a quali no.<\/p>\n<\/div><div class=\"fusion-title title fusion-title-8 fusion-sep-none fusion-title-text fusion-title-size-three\"><h3 class=\"fusion-title-heading title-heading-left fusion-responsive-typography-calculated\" style=\"margin:0;--fontSize:40;line-height:1.1;\"><h3>Responsabilit\u00e0<\/h3><\/h3><\/div><div class=\"fusion-text fusion-text-7\" style=\"--awb-text-transform:none;\"><p>La Societ\u00e0 non sar\u00e0 direttamente o indirettamente responsabile per:<\/p>\n<ul>\n<li>La qualit\u00e0 del servizio, la velocit\u00e0 di accesso, il corretto funzionamento e la disponibilit\u00e0 e continuit\u00e0 del funzionamento del Sito.<\/li>\n<li>I danni che possono essere causati alle apparecchiature dell&#8217;utente dall&#8217;uso del Sito.<\/li>\n<li>Casi in cui un terzo, in violazione delle misure di sicurezza stabilite, accede ai messaggi o li utilizza per la trasmissione di virus informatici.<\/li>\n<li>Vizi e difetti di qualsiasi tipo nei contenuti trasmessi, diffusi, archiviati o resi disponibili.<\/li>\n<li>La legalit\u00e0, l&#8217;affidabilit\u00e0 e l&#8217;utilit\u00e0 dei contenuti che gli utenti trasmettono attraverso l&#8217;uso del sito web o dei servizi in esso offerti, nonch\u00e9 la loro veridicit\u00e0 o accuratezza. La Societ\u00e0 non controlla l&#8217;uso che gli utenti fanno del Sito, n\u00e9 garantisce che essi lo facciano in conformit\u00e0 con le disposizioni del presente Avviso legale.<\/li>\n<li>L&#8217;aggiornamento dei contenuti offerti nelle sezioni delle notizie.<\/li>\n<\/ul>\n<p>A titolo esemplificativo e non esaustivo, l&#8217;utente sar\u00e0 responsabile di:<\/p>\n<ul>\n<li>dei contenuti da loro inseriti, in particolare dei dati e delle informazioni inserite e inviate alla Societ\u00e0 tramite i siti web.<\/li>\n<li>Dal compimento di qualsiasi tipo di azione illegale, dannosa, nociva e\/o lesiva.<\/li>\n<li>La custodia del proprio nome utente e della propria password, non comunicandoli a terzi, al fine di evitare furti di identit\u00e0 o la fornitura di dati non veritieri o non corretti.<\/li>\n<\/ul>\n<\/div><div class=\"fusion-title title fusion-title-9 fusion-sep-none fusion-title-text fusion-title-size-three\"><h3 class=\"fusion-title-heading title-heading-left fusion-responsive-typography-calculated\" style=\"margin:0;--fontSize:40;line-height:1.1;\">Fuero<\/h3><\/div><div class=\"fusion-text fusion-text-8\" style=\"--awb-text-transform:none;\"><p>Per qualsiasi tipo di controversia derivante dall&#8217;uso dei servizi offerti o dal contenuto dei siti Web, le parti, con l&#8217;accettazione delle clausole stabilite nelle presenti Condizioni d&#8217;uso, si sottoporranno alle Corti e ai Tribunali competenti di Barcellona.<\/p>\n<\/div><\/div><\/div><\/div><\/div>\n","protected":false},"excerpt":{"rendered":"","protected":false},"author":1,"featured_media":0,"parent":0,"menu_order":0,"comment_status":"closed","ping_status":"closed","template":"","meta":{"footnotes":""},"class_list":["post-3792","page","type-page","status-publish","hentry"],"yoast_head":"<!-- This site is optimized with the Yoast SEO plugin v26.1 - https:\/\/yoast.com\/wordpress\/plugins\/seo\/ -->\n<title>Condizioni di utilizzo - Globo Corta Aguas<\/title>\n<meta name=\"robots\" content=\"index, follow, max-snippet:-1, max-image-preview:large, max-video-preview:-1\" \/>\n<link rel=\"canonical\" href=\"https:\/\/globocortaaguas.com\/it\/condizioni-di-utilizzo\/\" \/>\n<meta property=\"og:locale\" content=\"it_IT\" \/>\n<meta property=\"og:type\" content=\"article\" \/>\n<meta property=\"og:title\" content=\"Condizioni di utilizzo - Globo Corta Aguas\" \/>\n<meta property=\"og:url\" content=\"https:\/\/globocortaaguas.com\/it\/condizioni-di-utilizzo\/\" \/>\n<meta property=\"og:site_name\" content=\"Globo Corta Aguas\" \/>\n<meta property=\"article:modified_time\" content=\"2023-06-08T14:44:59+00:00\" \/>\n<meta name=\"twitter:card\" content=\"summary_large_image\" \/>\n<meta name=\"twitter:label1\" content=\"Tempo di lettura stimato\" \/>\n\t<meta name=\"twitter:data1\" content=\"15 minuti\" \/>\n<script type=\"application\/ld+json\" class=\"yoast-schema-graph\">{\"@context\":\"https:\/\/schema.org\",\"@graph\":[{\"@type\":\"WebPage\",\"@id\":\"https:\/\/globocortaaguas.com\/it\/condizioni-di-utilizzo\/\",\"url\":\"https:\/\/globocortaaguas.com\/it\/condizioni-di-utilizzo\/\",\"name\":\"Condizioni di utilizzo - Globo Corta Aguas\",\"isPartOf\":{\"@id\":\"https:\/\/globocortaaguas.com\/it\/#website\"},\"datePublished\":\"2021-11-30T11:33:11+00:00\",\"dateModified\":\"2023-06-08T14:44:59+00:00\",\"breadcrumb\":{\"@id\":\"https:\/\/globocortaaguas.com\/it\/condizioni-di-utilizzo\/#breadcrumb\"},\"inLanguage\":\"it-IT\",\"potentialAction\":[{\"@type\":\"ReadAction\",\"target\":[\"https:\/\/globocortaaguas.com\/it\/condizioni-di-utilizzo\/\"]}]},{\"@type\":\"BreadcrumbList\",\"@id\":\"https:\/\/globocortaaguas.com\/it\/condizioni-di-utilizzo\/#breadcrumb\",\"itemListElement\":[{\"@type\":\"ListItem\",\"position\":1,\"name\":\"Portada\",\"item\":\"https:\/\/globocortaaguas.com\/it\/\"},{\"@type\":\"ListItem\",\"position\":2,\"name\":\"Condizioni di utilizzo\"}]},{\"@type\":\"WebSite\",\"@id\":\"https:\/\/globocortaaguas.com\/it\/#website\",\"url\":\"https:\/\/globocortaaguas.com\/it\/\",\"name\":\"Globo Corta Aguas\",\"description\":\"Minimiza los riesgos higi\u00e9nicos en reparaciones\",\"publisher\":{\"@id\":\"https:\/\/globocortaaguas.com\/it\/#organization\"},\"potentialAction\":[{\"@type\":\"SearchAction\",\"target\":{\"@type\":\"EntryPoint\",\"urlTemplate\":\"https:\/\/globocortaaguas.com\/it\/?s={search_term_string}\"},\"query-input\":{\"@type\":\"PropertyValueSpecification\",\"valueRequired\":true,\"valueName\":\"search_term_string\"}}],\"inLanguage\":\"it-IT\"},{\"@type\":\"Organization\",\"@id\":\"https:\/\/globocortaaguas.com\/it\/#organization\",\"name\":\"Globo Corta Aguas\",\"url\":\"https:\/\/globocortaaguas.com\/it\/\",\"logo\":{\"@type\":\"ImageObject\",\"inLanguage\":\"it-IT\",\"@id\":\"https:\/\/globocortaaguas.com\/it\/#\/schema\/logo\/image\/\",\"url\":\"https:\/\/globocortaaguas.com\/wp-content\/uploads\/2021\/11\/WEB.png\",\"contentUrl\":\"https:\/\/globocortaaguas.com\/wp-content\/uploads\/2021\/11\/WEB.png\",\"width\":1080,\"height\":588,\"caption\":\"Globo Corta Aguas\"},\"image\":{\"@id\":\"https:\/\/globocortaaguas.com\/it\/#\/schema\/logo\/image\/\"},\"sameAs\":[\"https:\/\/www.instagram.com\/globo_cortaaguas\/\",\"https:\/\/www.linkedin.com\/company\/globo-corta-aguas-reparaciones\/\"]}]}<\/script>\n<!-- \/ Yoast SEO plugin. -->","yoast_head_json":{"title":"Condizioni di utilizzo - Globo Corta Aguas","robots":{"index":"index","follow":"follow","max-snippet":"max-snippet:-1","max-image-preview":"max-image-preview:large","max-video-preview":"max-video-preview:-1"},"canonical":"https:\/\/globocortaaguas.com\/it\/condizioni-di-utilizzo\/","og_locale":"it_IT","og_type":"article","og_title":"Condizioni di utilizzo - Globo Corta Aguas","og_url":"https:\/\/globocortaaguas.com\/it\/condizioni-di-utilizzo\/","og_site_name":"Globo Corta Aguas","article_modified_time":"2023-06-08T14:44:59+00:00","twitter_card":"summary_large_image","twitter_misc":{"Tempo di lettura stimato":"15 minuti"},"schema":{"@context":"https:\/\/schema.org","@graph":[{"@type":"WebPage","@id":"https:\/\/globocortaaguas.com\/it\/condizioni-di-utilizzo\/","url":"https:\/\/globocortaaguas.com\/it\/condizioni-di-utilizzo\/","name":"Condizioni di utilizzo - Globo Corta Aguas","isPartOf":{"@id":"https:\/\/globocortaaguas.com\/it\/#website"},"datePublished":"2021-11-30T11:33:11+00:00","dateModified":"2023-06-08T14:44:59+00:00","breadcrumb":{"@id":"https:\/\/globocortaaguas.com\/it\/condizioni-di-utilizzo\/#breadcrumb"},"inLanguage":"it-IT","potentialAction":[{"@type":"ReadAction","target":["https:\/\/globocortaaguas.com\/it\/condizioni-di-utilizzo\/"]}]},{"@type":"BreadcrumbList","@id":"https:\/\/globocortaaguas.com\/it\/condizioni-di-utilizzo\/#breadcrumb","itemListElement":[{"@type":"ListItem","position":1,"name":"Portada","item":"https:\/\/globocortaaguas.com\/it\/"},{"@type":"ListItem","position":2,"name":"Condizioni di utilizzo"}]},{"@type":"WebSite","@id":"https:\/\/globocortaaguas.com\/it\/#website","url":"https:\/\/globocortaaguas.com\/it\/","name":"Globo Corta Aguas","description":"Minimiza los riesgos higi\u00e9nicos en reparaciones","publisher":{"@id":"https:\/\/globocortaaguas.com\/it\/#organization"},"potentialAction":[{"@type":"SearchAction","target":{"@type":"EntryPoint","urlTemplate":"https:\/\/globocortaaguas.com\/it\/?s={search_term_string}"},"query-input":{"@type":"PropertyValueSpecification","valueRequired":true,"valueName":"search_term_string"}}],"inLanguage":"it-IT"},{"@type":"Organization","@id":"https:\/\/globocortaaguas.com\/it\/#organization","name":"Globo Corta Aguas","url":"https:\/\/globocortaaguas.com\/it\/","logo":{"@type":"ImageObject","inLanguage":"it-IT","@id":"https:\/\/globocortaaguas.com\/it\/#\/schema\/logo\/image\/","url":"https:\/\/globocortaaguas.com\/wp-content\/uploads\/2021\/11\/WEB.png","contentUrl":"https:\/\/globocortaaguas.com\/wp-content\/uploads\/2021\/11\/WEB.png","width":1080,"height":588,"caption":"Globo Corta Aguas"},"image":{"@id":"https:\/\/globocortaaguas.com\/it\/#\/schema\/logo\/image\/"},"sameAs":["https:\/\/www.instagram.com\/globo_cortaaguas\/","https:\/\/www.linkedin.com\/company\/globo-corta-aguas-reparaciones\/"]}]}},"_links":{"self":[{"href":"https:\/\/globocortaaguas.com\/it\/wp-json\/wp\/v2\/pages\/3792","targetHints":{"allow":["GET"]}}],"collection":[{"href":"https:\/\/globocortaaguas.com\/it\/wp-json\/wp\/v2\/pages"}],"about":[{"href":"https:\/\/globocortaaguas.com\/it\/wp-json\/wp\/v2\/types\/page"}],"author":[{"embeddable":true,"href":"https:\/\/globocortaaguas.com\/it\/wp-json\/wp\/v2\/users\/1"}],"replies":[{"embeddable":true,"href":"https:\/\/globocortaaguas.com\/it\/wp-json\/wp\/v2\/comments?post=3792"}],"version-history":[{"count":2,"href":"https:\/\/globocortaaguas.com\/it\/wp-json\/wp\/v2\/pages\/3792\/revisions"}],"predecessor-version":[{"id":3800,"href":"https:\/\/globocortaaguas.com\/it\/wp-json\/wp\/v2\/pages\/3792\/revisions\/3800"}],"wp:attachment":[{"href":"https:\/\/globocortaaguas.com\/it\/wp-json\/wp\/v2\/media?parent=3792"}],"curies":[{"name":"wp","href":"https:\/\/api.w.org\/{rel}","templated":true}]}}