{"id":3791,"date":"2021-11-30T11:32:45","date_gmt":"2021-11-30T11:32:45","guid":{"rendered":"https:\/\/globocortaaguas.com\/informativa-sui-cookie\/"},"modified":"2023-06-08T14:44:59","modified_gmt":"2023-06-08T14:44:59","slug":"informativa-sui-cookie","status":"publish","type":"page","link":"https:\/\/globocortaaguas.com\/it\/informativa-sui-cookie\/","title":{"rendered":"Informativa sui cookie"},"content":{"rendered":"<div class=\"fusion-fullwidth fullwidth-box fusion-builder-row-1 fusion-flex-container nonhundred-percent-fullwidth non-hundred-percent-height-scrolling\" style=\"--awb-border-radius-top-left:0px;--awb-border-radius-top-right:0px;--awb-border-radius-bottom-right:0px;--awb-border-radius-bottom-left:0px;--awb-flex-wrap:wrap;\" ><div class=\"fusion-builder-row fusion-row fusion-flex-align-items-flex-start fusion-flex-content-wrap\" style=\"max-width:1393.6px;margin-left: calc(-4% \/ 2 );margin-right: calc(-4% \/ 2 );\"><div class=\"fusion-layout-column fusion_builder_column fusion-builder-column-0 fusion_builder_column_1_1 1_1 fusion-flex-column\" style=\"--awb-bg-size:cover;--awb-width-large:100%;--awb-margin-top-large:0px;--awb-spacing-right-large:1.92%;--awb-margin-bottom-large:20px;--awb-spacing-left-large:1.92%;--awb-width-medium:100%;--awb-order-medium:0;--awb-spacing-right-medium:1.92%;--awb-spacing-left-medium:1.92%;--awb-width-small:100%;--awb-order-small:0;--awb-spacing-right-small:1.92%;--awb-spacing-left-small:1.92%;\"><div class=\"fusion-column-wrapper fusion-column-has-shadow fusion-flex-justify-content-flex-start fusion-content-layout-column\"><div class=\"fusion-title title fusion-title-1 fusion-sep-none fusion-title-text fusion-title-size-one\"><h1 class=\"fusion-title-heading title-heading-left fusion-responsive-typography-calculated\" style=\"margin:0;--fontSize:68;line-height:1.4;\">Informativa sui cookie<\/h1><\/div><div class=\"fusion-title title fusion-title-2 fusion-sep-none fusion-title-text fusion-title-size-three\"><h3 class=\"fusion-title-heading title-heading-left fusion-responsive-typography-calculated\" style=\"margin:0;--fontSize:40;line-height:1.1;\">Cosa sono i biscotti?<\/h3><\/div><div class=\"fusion-text fusion-text-1\" style=\"--awb-text-transform:none;\"><p>I cookie sono semplici file di testo che vengono memorizzati nei browser degli utenti. Sono ampiamente utilizzati dai siti web per fornire una migliore esperienza di navigazione agli utenti e per ricevere informazioni sul traffico. I cookie non hanno alcuna possibilit\u00e0 di infettare il computer con virus o installare malware. I cookie consentono al server di mostrare pagine personalizzate agli utenti, ad esempio ricordando il loro login ed evitando di inserirlo ogni volta che si visita una pagina.<\/p>\n<p>Esistono diversi tipi di cookie per diverse funzioni. Nessuno di essi contiene informazioni di identificazione personale, sono completamente anonimi e il sito web non ha modo di conoscere i dati personali degli utenti attraverso i cookie. Gli utenti possono scegliere di non consentire la memorizzazione dei cookie.<\/p>\n<\/div><div class=\"fusion-title title fusion-title-3 fusion-sep-none fusion-title-text fusion-title-size-three\"><h3 class=\"fusion-title-heading title-heading-left fusion-responsive-typography-calculated\" style=\"margin:0;--fontSize:40;line-height:1.1;\">I tipi di cookie sono<\/h3><\/div><div class=\"fusion-title title fusion-title-4 fusion-sep-none fusion-title-text fusion-title-size-four\"><h4 class=\"fusion-title-heading title-heading-left fusion-responsive-typography-calculated\" style=\"margin:0;--fontSize:24;--minFontSize:24;line-height:1.2;\">1. Biscotti essenziali:<\/h4><\/div><div class=\"fusion-text fusion-text-2\" style=\"--awb-text-transform:none;\"><p>Alcuni cookie sono strettamente necessari per la navigazione delle pagine web. Senza di essi, alcune parti del nostro sito web potrebbero funzionare in modo non corretto. Questi cookie non memorizzano informazioni sull&#8217;attivit\u00e0 dell&#8217;utente.<\/p>\n<\/div><div class=\"fusion-title title fusion-title-5 fusion-sep-none fusion-title-text fusion-title-size-four\"><h4 class=\"fusion-title-heading title-heading-left fusion-responsive-typography-calculated\" style=\"margin:0;--fontSize:24;--minFontSize:24;line-height:1.2;\">2. Cookie non essenziali:<\/h4><\/div><div class=\"fusion-text fusion-text-3\" style=\"--awb-text-transform:none;\"><p>Questi cookie non sono essenziali per una corretta navigazione, ma contribuiscono a rendere semplice ed efficace la navigazione e la raccolta di informazioni sull&#8217;attivit\u00e0 dell&#8217;utente.<\/p>\n<\/div><div class=\"fusion-title title fusion-title-6 fusion-sep-none fusion-title-text fusion-title-size-three\"><h3 class=\"fusion-title-heading title-heading-left fusion-responsive-typography-calculated\" style=\"margin:0;--fontSize:40;line-height:1.1;\">Cookie funzionali<\/h3><\/div><div class=\"fusion-text fusion-text-4\" style=\"--awb-text-transform:none;\"><p>Questi cookie vengono utilizzati per ricordare le preferenze dell&#8217;utente sul nostro sito web, in modo da ottenere una navigazione ottimale. Memorizzano le informazioni sulle scelte effettuate dagli utenti e consentono di personalizzare il sito web in base alle esigenze di ciascun utente. . Inoltre, evita agli utenti di dover inserire nuovamente le informazioni o effettuare il login ogni volta che accedono ai nostri siti web.<\/p>\n<\/div><div class=\"fusion-title title fusion-title-7 fusion-sep-none fusion-title-text fusion-title-size-three\"><h3 class=\"fusion-title-heading title-heading-left fusion-responsive-typography-calculated\" style=\"margin:0;--fontSize:40;line-height:1.1;\">Prestazioni<\/h3><\/div><div class=\"fusion-text fusion-text-5\" style=\"--awb-text-transform:none;\"><p>Questi cookie vengono utilizzati per monitorare l&#8217;uso generale del nostro sito web. A tale scopo, EURO SISTEMAS DE RETENCI\u00d3N DE AGUAS utilizza Google Analytics di Google Inc. che registra, tra gli altri dati, il numero di pagine viste, le visite e gli utenti unici. I dati raccolti vengono utilizzati per analizzare come EURO SISTEMAS DE RETENCI\u00d3N DE AGUAS si fa conoscere, quanti utenti ritornano, quali sono le pagine pi\u00f9 visitate, ecc. Queste informazioni vengono acquisite attraverso l&#8217;indirizzo IP degli utenti, che non consente l&#8217;identificazione personale di ciascun utente e non viene condiviso con terzi. I dati raccolti aiutano EURO WATER RETENTION SYSTEMS a capire quali sezioni e quali informazioni sono di maggiore interesse per il pubblico, potendo cos\u00ec fornire un servizio migliore.<\/p>\n<\/div><div class=\"fusion-title title fusion-title-8 fusion-sep-none fusion-title-text fusion-title-size-three\"><h3 class=\"fusion-title-heading title-heading-left fusion-responsive-typography-calculated\" style=\"margin:0;--fontSize:40;line-height:1.1;\">Pubblicit\u00e0 comportamentale<\/h3><\/div><div class=\"fusion-text fusion-text-6\" style=\"--awb-text-transform:none;\"><p>EURO SISTEMAS DE RETENCI\u00d3N DE AGUAS utilizza i cookie per capire quale pubblicit\u00e0 possa essere pi\u00f9 rilevante per i diversi utenti in base alle sezioni visitate da ciascun utente e alla sua posizione geografica. Il cookie di un server pubblicitario di fiducia viene memorizzato nel browser degli utenti per mostrare la pubblicit\u00e0 pi\u00f9 pertinente a ciascun visitatore sia sulle pagine di EURO SISTEMAS DE RETENCI\u00d3N DE AGUAS che su siti web di terzi. Questi cookie non contengono informazioni di identificazione personale, sono completamente anonimi. Senza questi cookie, gli annunci pubblicitari mostrati ai singoli utenti potrebbero non essere in linea con i loro interessi.<\/p>\n<\/div><div class=\"fusion-title title fusion-title-9 fusion-sep-none fusion-title-text fusion-title-size-three\"><h3 class=\"fusion-title-heading title-heading-left fusion-responsive-typography-calculated\" style=\"margin:0;--fontSize:40;line-height:1.1;\">Quali cookie utilizziamo?<\/h3><\/div><div class=\"fusion-title title fusion-title-10 fusion-sep-none fusion-title-text fusion-title-size-four\"><h4 class=\"fusion-title-heading title-heading-left fusion-responsive-typography-calculated\" style=\"margin:0;--fontSize:24;--minFontSize:24;line-height:1.2;\">Cookie di prima parte:<\/h4><\/div><div class=\"fusion-text fusion-text-7\" style=\"--awb-text-transform:none;\"><p>Questi cookie sono memorizzati da EURO SISTEMAS DE RETENCI\u00d3N DE AGUAS. Vengono utilizzati per salvare le preferenze dell&#8217;utente all&#8217;interno delle pagine di EURO SISTEMAS DE RETENCI\u00d3N DE AGUAS.<\/p>\n<\/div><div class=\"fusion-title title fusion-title-11 fusion-sep-none fusion-title-text fusion-title-size-four\"><h4 class=\"fusion-title-heading title-heading-left fusion-responsive-typography-calculated\" style=\"margin:0;--fontSize:24;--minFontSize:24;line-height:1.2;\">Cookie di terze parti:<\/h4><\/div><div class=\"fusion-text fusion-text-8\" style=\"--awb-text-transform:none;\"><p>Questi cookie sono memorizzati da diversi servizi utilizzati da EURO SISTEMAS DE RETENCI\u00d3N DE AGUAS.<\/p>\n<\/div><div class=\"fusion-title title fusion-title-12 fusion-sep-none fusion-title-text fusion-title-size-three\"><h3 class=\"fusion-title-heading title-heading-left fusion-responsive-typography-calculated\" style=\"margin:0;--fontSize:40;line-height:1.1;\">Quando scadono questi cookie?<\/h3><\/div><div class=\"fusion-text fusion-text-9\" style=\"--awb-text-transform:none;\"><p>I cookie hanno date di scadenza diverse. Alcuni sono settimanali (ad esempio gli annunci pop-up), altri hanno una durata pi\u00f9 lunga (monitoraggio delle prestazioni del sito web).<\/p>\n<\/div><div class=\"fusion-title title fusion-title-13 fusion-sep-none fusion-title-text fusion-title-size-three\"><h3 class=\"fusion-title-heading title-heading-left fusion-responsive-typography-calculated\" style=\"margin:0;--fontSize:40;line-height:1.1;\">Come possono gli utenti controllare o rifiutare l&#8217;uso dei cookie?<\/h3><\/div><div class=\"fusion-text fusion-text-10\" style=\"--awb-text-transform:none;\"><p>Gli utenti possono scegliere di non memorizzare i cookie nel proprio browser in qualsiasi momento, tenendo presente che ci\u00f2 potrebbe influire sulla corretta visualizzazione di alcuni strumenti e sulla navigazione in generale. Gli utenti hanno il pieno controllo sulla memorizzazione dei cookie nei loro browser. Alcuni browser consentono di bloccare tutti o solo alcuni cookie. Le preferenze possono essere impostate nelle impostazioni sulla privacy di ciascun browser:<\/p>\n<p><strong>Chrome \/ Firefox \/ Internet Explorer \/ Safari<\/strong>.<\/p>\n<\/div><div class=\"fusion-title title fusion-title-14 fusion-sep-none fusion-title-text fusion-title-size-three\"><h3 class=\"fusion-title-heading title-heading-left fusion-responsive-typography-calculated\" style=\"margin:0;--fontSize:40;line-height:1.1;\">Cosa succede se un utente disattiva la memorizzazione dei cookie?<\/h3><\/div><div class=\"fusion-text fusion-text-11\" style=\"--awb-text-transform:none;\"><p>La disabilitazione della memorizzazione dei cookie pu\u00f2 compromettere la navigazione ottimale del nostro sito web, in quanto alcune funzionalit\u00e0 verrebbero disabilitate. Gli utenti registrati dovrebbero effettuare il login a ogni visita e gli annunci pop-up potrebbero essere riproposti.<\/p>\n<\/div><div class=\"fusion-title title fusion-title-15 fusion-sep-none fusion-title-text fusion-title-size-three\"><h3 class=\"fusion-title-heading title-heading-left fusion-responsive-typography-calculated\" style=\"margin:0;--fontSize:40;line-height:1.1;\">Aggiornamento della politica sui cookie<\/h3><\/div><div class=\"fusion-text fusion-text-12\" style=\"--awb-text-transform:none;\"><p>La politica sui cookie di EURO SISTEMAS DE RETENCI\u00d3N DE AGUAS \u00e8 soggetta ad aggiornamenti. EURO SISTEMAS DE RETENCI\u00d3N DE AGUAS consiglia agli utenti di consultare questa politica ogni volta che \u00e8 possibile.<\/p>\n<\/div><div class=\"fusion-title title fusion-title-16 fusion-sep-none fusion-title-text fusion-title-size-three\"><h3 class=\"fusion-title-heading title-heading-left fusion-responsive-typography-calculated\" style=\"margin:0;--fontSize:40;line-height:1.1;\">Spam<\/h3><\/div><div class=\"fusion-text fusion-text-13\" style=\"--awb-text-transform:none;\"><p>EURO SISTEMAS DE RETENCI\u00d3N DE AGUAS non effettua mailing di massa o &#8220;spamming&#8221;. Lo spam \u00e8 l&#8217;invio di e-mail indesiderate, solitamente di natura commerciale, in grandi quantit\u00e0 e ripetutamente, a persone con cui il mittente non ha avuto contatti precedenti o che non desiderano ricevere tali messaggi.<\/p>\n<p>Questo sito web utilizza il servizio di remarketing di Google AdWords e Facebook Ads per fare pubblicit\u00e0 su siti web di terze parti (tra cui Google) agli utenti che hanno precedentemente visitato www.globocortaaguas.com, attraverso l&#8217;uso di cookie. Questi annunci possono essere visualizzati sulla pagina della Rete di ricerca o sulla Rete Display di Google. Fornitori terzi, tra cui Google, utilizzano i cookie per pubblicare annunci in base alle visite precedenti al sito web di EURO SISTEMAS DE RETENCI\u00d3N DE AGUAS. I dati raccolti saranno utilizzati in conformit\u00e0 alle politiche sulla privacy di EURO SISTEMAS DE RETENCI\u00d3N DE AGUAS e di Google.<\/p>\n<p>Gli utenti possono impostare le preferenze sugli annunci che Google mostra loro tramite la pagina Preferenze annunci di Google, o rinunciare alla rete di annunci basati sugli interessi modificando le impostazioni dei cookie.<\/p>\n<\/div><div class=\"fusion-title title fusion-title-17 fusion-sep-none fusion-title-text fusion-title-size-three\"><h3 class=\"fusion-title-heading title-heading-left fusion-responsive-typography-calculated\" style=\"margin:0;--fontSize:40;line-height:1.1;\">Indirizzi IP<\/h3><\/div><div class=\"fusion-text fusion-text-14\" style=\"--awb-text-transform:none;\"><p>VI carica gli indirizzi IP, ovvero la posizione del computer su Internet, per ottimizzare la gestione del sistema ed evitare potenziali problemi. Non utilizziamo i log degli indirizzi IP per tracciare la vostra sessione o il vostro comportamento su questo Sito Web. Gli indirizzi IP vengono utilizzati per raccogliere informazioni generali sul traffico. Non cercheremo mai di identificare i singoli utenti attraverso i loro indirizzi IP.<\/p>\n<\/div><div class=\"fusion-title title fusion-title-18 fusion-sep-none fusion-title-text fusion-title-size-three\"><h3 class=\"fusion-title-heading title-heading-left fusion-responsive-typography-calculated\" style=\"margin:0;--fontSize:40;line-height:1.1;\">Link ad altri siti web<\/h3><\/div><div class=\"fusion-text fusion-text-15\" style=\"--awb-text-transform:none;\"><p>La presente Informativa sulla privacy si applica solo a questo sito web, ad esclusione di qualsiasi sito web esterno a cui possiamo collegare contenuti che riteniamo possano essere di interesse per i nostri visitatori. Il nostro intento \u00e8 quello di garantire che tutti questi link esterni siano diretti a siti di qualit\u00e0. Tuttavia, data la natura di Internet, non possiamo garantire la qualit\u00e0 di tutti i siti web collegati e non possiamo essere ritenuti responsabili del loro contenuto.<\/p>\n<\/div><div class=\"fusion-title title fusion-title-19 fusion-sep-none fusion-title-text fusion-title-size-three\"><h3 class=\"fusion-title-heading title-heading-left fusion-responsive-typography-calculated\" style=\"margin:0;--fontSize:40;line-height:1.1;\">Aggiornamenti a questa politica<\/h3><\/div><div class=\"fusion-text fusion-text-16\" style=\"--awb-text-transform:none;\"><p>Nel caso in cui EURO SISTEMAS DE RETENCI\u00d3N DE AGUAS decida di modificare la presente Informativa sulla privacy per adeguarla a nuovi requisiti di legge, rifletteremo immediatamente tali modifiche sul sito web in modo che gli utenti sappiano in ogni momento che tipo di informazioni raccogliamo, come le utilizziamo e in quali circostanze le pubblichiamo.<\/p>\n<\/div><\/div><\/div><\/div><\/div>\n","protected":false},"excerpt":{"rendered":"","protected":false},"author":1,"featured_media":0,"parent":0,"menu_order":0,"comment_status":"closed","ping_status":"closed","template":"100-width.php","meta":{"footnotes":""},"class_list":["post-3791","page","type-page","status-publish","hentry"],"yoast_head":"<!-- This site is optimized with the Yoast SEO plugin v26.1 - https:\/\/yoast.com\/wordpress\/plugins\/seo\/ -->\n<title>Informativa sui cookie - Globo Corta Aguas<\/title>\n<meta name=\"robots\" content=\"index, follow, max-snippet:-1, max-image-preview:large, max-video-preview:-1\" \/>\n<link rel=\"canonical\" href=\"https:\/\/globocortaaguas.com\/it\/informativa-sui-cookie\/\" \/>\n<meta property=\"og:locale\" content=\"it_IT\" \/>\n<meta property=\"og:type\" content=\"article\" \/>\n<meta property=\"og:title\" content=\"Informativa sui cookie - Globo Corta Aguas\" \/>\n<meta property=\"og:url\" content=\"https:\/\/globocortaaguas.com\/it\/informativa-sui-cookie\/\" \/>\n<meta property=\"og:site_name\" content=\"Globo Corta Aguas\" \/>\n<meta property=\"article:modified_time\" content=\"2023-06-08T14:44:59+00:00\" \/>\n<meta name=\"twitter:card\" content=\"summary_large_image\" \/>\n<meta name=\"twitter:label1\" content=\"Tempo di lettura stimato\" \/>\n\t<meta name=\"twitter:data1\" content=\"16 minuti\" \/>\n<script type=\"application\/ld+json\" class=\"yoast-schema-graph\">{\"@context\":\"https:\/\/schema.org\",\"@graph\":[{\"@type\":\"WebPage\",\"@id\":\"https:\/\/globocortaaguas.com\/it\/informativa-sui-cookie\/\",\"url\":\"https:\/\/globocortaaguas.com\/it\/informativa-sui-cookie\/\",\"name\":\"Informativa sui cookie - Globo Corta Aguas\",\"isPartOf\":{\"@id\":\"https:\/\/globocortaaguas.com\/it\/#website\"},\"datePublished\":\"2021-11-30T11:32:45+00:00\",\"dateModified\":\"2023-06-08T14:44:59+00:00\",\"breadcrumb\":{\"@id\":\"https:\/\/globocortaaguas.com\/it\/informativa-sui-cookie\/#breadcrumb\"},\"inLanguage\":\"it-IT\",\"potentialAction\":[{\"@type\":\"ReadAction\",\"target\":[\"https:\/\/globocortaaguas.com\/it\/informativa-sui-cookie\/\"]}]},{\"@type\":\"BreadcrumbList\",\"@id\":\"https:\/\/globocortaaguas.com\/it\/informativa-sui-cookie\/#breadcrumb\",\"itemListElement\":[{\"@type\":\"ListItem\",\"position\":1,\"name\":\"Portada\",\"item\":\"https:\/\/globocortaaguas.com\/it\/\"},{\"@type\":\"ListItem\",\"position\":2,\"name\":\"Informativa sui cookie\"}]},{\"@type\":\"WebSite\",\"@id\":\"https:\/\/globocortaaguas.com\/it\/#website\",\"url\":\"https:\/\/globocortaaguas.com\/it\/\",\"name\":\"Globo Corta Aguas\",\"description\":\"Minimiza los riesgos higi\u00e9nicos en reparaciones\",\"publisher\":{\"@id\":\"https:\/\/globocortaaguas.com\/it\/#organization\"},\"potentialAction\":[{\"@type\":\"SearchAction\",\"target\":{\"@type\":\"EntryPoint\",\"urlTemplate\":\"https:\/\/globocortaaguas.com\/it\/?s={search_term_string}\"},\"query-input\":{\"@type\":\"PropertyValueSpecification\",\"valueRequired\":true,\"valueName\":\"search_term_string\"}}],\"inLanguage\":\"it-IT\"},{\"@type\":\"Organization\",\"@id\":\"https:\/\/globocortaaguas.com\/it\/#organization\",\"name\":\"Globo Corta Aguas\",\"url\":\"https:\/\/globocortaaguas.com\/it\/\",\"logo\":{\"@type\":\"ImageObject\",\"inLanguage\":\"it-IT\",\"@id\":\"https:\/\/globocortaaguas.com\/it\/#\/schema\/logo\/image\/\",\"url\":\"https:\/\/globocortaaguas.com\/wp-content\/uploads\/2021\/11\/WEB.png\",\"contentUrl\":\"https:\/\/globocortaaguas.com\/wp-content\/uploads\/2021\/11\/WEB.png\",\"width\":1080,\"height\":588,\"caption\":\"Globo Corta Aguas\"},\"image\":{\"@id\":\"https:\/\/globocortaaguas.com\/it\/#\/schema\/logo\/image\/\"},\"sameAs\":[\"https:\/\/www.instagram.com\/globo_cortaaguas\/\",\"https:\/\/www.linkedin.com\/company\/globo-corta-aguas-reparaciones\/\"]}]}<\/script>\n<!-- \/ Yoast SEO plugin. -->","yoast_head_json":{"title":"Informativa sui cookie - Globo Corta Aguas","robots":{"index":"index","follow":"follow","max-snippet":"max-snippet:-1","max-image-preview":"max-image-preview:large","max-video-preview":"max-video-preview:-1"},"canonical":"https:\/\/globocortaaguas.com\/it\/informativa-sui-cookie\/","og_locale":"it_IT","og_type":"article","og_title":"Informativa sui cookie - Globo Corta Aguas","og_url":"https:\/\/globocortaaguas.com\/it\/informativa-sui-cookie\/","og_site_name":"Globo Corta Aguas","article_modified_time":"2023-06-08T14:44:59+00:00","twitter_card":"summary_large_image","twitter_misc":{"Tempo di lettura stimato":"16 minuti"},"schema":{"@context":"https:\/\/schema.org","@graph":[{"@type":"WebPage","@id":"https:\/\/globocortaaguas.com\/it\/informativa-sui-cookie\/","url":"https:\/\/globocortaaguas.com\/it\/informativa-sui-cookie\/","name":"Informativa sui cookie - Globo Corta Aguas","isPartOf":{"@id":"https:\/\/globocortaaguas.com\/it\/#website"},"datePublished":"2021-11-30T11:32:45+00:00","dateModified":"2023-06-08T14:44:59+00:00","breadcrumb":{"@id":"https:\/\/globocortaaguas.com\/it\/informativa-sui-cookie\/#breadcrumb"},"inLanguage":"it-IT","potentialAction":[{"@type":"ReadAction","target":["https:\/\/globocortaaguas.com\/it\/informativa-sui-cookie\/"]}]},{"@type":"BreadcrumbList","@id":"https:\/\/globocortaaguas.com\/it\/informativa-sui-cookie\/#breadcrumb","itemListElement":[{"@type":"ListItem","position":1,"name":"Portada","item":"https:\/\/globocortaaguas.com\/it\/"},{"@type":"ListItem","position":2,"name":"Informativa sui cookie"}]},{"@type":"WebSite","@id":"https:\/\/globocortaaguas.com\/it\/#website","url":"https:\/\/globocortaaguas.com\/it\/","name":"Globo Corta Aguas","description":"Minimiza los riesgos higi\u00e9nicos en reparaciones","publisher":{"@id":"https:\/\/globocortaaguas.com\/it\/#organization"},"potentialAction":[{"@type":"SearchAction","target":{"@type":"EntryPoint","urlTemplate":"https:\/\/globocortaaguas.com\/it\/?s={search_term_string}"},"query-input":{"@type":"PropertyValueSpecification","valueRequired":true,"valueName":"search_term_string"}}],"inLanguage":"it-IT"},{"@type":"Organization","@id":"https:\/\/globocortaaguas.com\/it\/#organization","name":"Globo Corta Aguas","url":"https:\/\/globocortaaguas.com\/it\/","logo":{"@type":"ImageObject","inLanguage":"it-IT","@id":"https:\/\/globocortaaguas.com\/it\/#\/schema\/logo\/image\/","url":"https:\/\/globocortaaguas.com\/wp-content\/uploads\/2021\/11\/WEB.png","contentUrl":"https:\/\/globocortaaguas.com\/wp-content\/uploads\/2021\/11\/WEB.png","width":1080,"height":588,"caption":"Globo Corta Aguas"},"image":{"@id":"https:\/\/globocortaaguas.com\/it\/#\/schema\/logo\/image\/"},"sameAs":["https:\/\/www.instagram.com\/globo_cortaaguas\/","https:\/\/www.linkedin.com\/company\/globo-corta-aguas-reparaciones\/"]}]}},"_links":{"self":[{"href":"https:\/\/globocortaaguas.com\/it\/wp-json\/wp\/v2\/pages\/3791","targetHints":{"allow":["GET"]}}],"collection":[{"href":"https:\/\/globocortaaguas.com\/it\/wp-json\/wp\/v2\/pages"}],"about":[{"href":"https:\/\/globocortaaguas.com\/it\/wp-json\/wp\/v2\/types\/page"}],"author":[{"embeddable":true,"href":"https:\/\/globocortaaguas.com\/it\/wp-json\/wp\/v2\/users\/1"}],"replies":[{"embeddable":true,"href":"https:\/\/globocortaaguas.com\/it\/wp-json\/wp\/v2\/comments?post=3791"}],"version-history":[{"count":2,"href":"https:\/\/globocortaaguas.com\/it\/wp-json\/wp\/v2\/pages\/3791\/revisions"}],"predecessor-version":[{"id":3798,"href":"https:\/\/globocortaaguas.com\/it\/wp-json\/wp\/v2\/pages\/3791\/revisions\/3798"}],"wp:attachment":[{"href":"https:\/\/globocortaaguas.com\/it\/wp-json\/wp\/v2\/media?parent=3791"}],"curies":[{"name":"wp","href":"https:\/\/api.w.org\/{rel}","templated":true}]}}