{"id":3783,"date":"2021-11-30T11:32:14","date_gmt":"2021-11-30T11:32:14","guid":{"rendered":"https:\/\/globocortaaguas.com\/informativa-sulla-privacy\/"},"modified":"2023-06-08T14:44:57","modified_gmt":"2023-06-08T14:44:57","slug":"informativa-sulla-privacy","status":"publish","type":"page","link":"https:\/\/globocortaaguas.com\/it\/informativa-sulla-privacy\/","title":{"rendered":"Informativa sulla privacy"},"content":{"rendered":"<div class=\"fusion-fullwidth fullwidth-box fusion-builder-row-1 fusion-flex-container nonhundred-percent-fullwidth non-hundred-percent-height-scrolling\" style=\"--awb-border-radius-top-left:0px;--awb-border-radius-top-right:0px;--awb-border-radius-bottom-right:0px;--awb-border-radius-bottom-left:0px;--awb-flex-wrap:wrap;\" ><div class=\"fusion-builder-row fusion-row fusion-flex-align-items-flex-start fusion-flex-content-wrap\" style=\"max-width:1393.6px;margin-left: calc(-4% \/ 2 );margin-right: calc(-4% \/ 2 );\"><div class=\"fusion-layout-column fusion_builder_column fusion-builder-column-0 fusion_builder_column_1_1 1_1 fusion-flex-column\" style=\"--awb-bg-size:cover;--awb-width-large:100%;--awb-margin-top-large:0px;--awb-spacing-right-large:1.92%;--awb-margin-bottom-large:20px;--awb-spacing-left-large:1.92%;--awb-width-medium:100%;--awb-order-medium:0;--awb-spacing-right-medium:1.92%;--awb-spacing-left-medium:1.92%;--awb-width-small:100%;--awb-order-small:0;--awb-spacing-right-small:1.92%;--awb-spacing-left-small:1.92%;\"><div class=\"fusion-column-wrapper fusion-column-has-shadow fusion-flex-justify-content-flex-start fusion-content-layout-column\"><div class=\"fusion-title title fusion-title-1 fusion-sep-none fusion-title-text fusion-title-size-one\"><h1 class=\"fusion-title-heading title-heading-left fusion-responsive-typography-calculated\" style=\"margin:0;--fontSize:68;line-height:1.4;\"><h1 class=\"vc_custom_heading\">Informativa sulla privacy<\/h1><\/h1><\/div><div class=\"fusion-text fusion-text-1\" style=\"--awb-text-transform:none;\"><p>Noi di EURO SISTEMAS DE RETENCI\u00d3N DE AGUAS lavoriamo per garantire il trattamento dei vostri dati personali. Abbiamo aggiornato la nostra Informativa sulla privacy per indicare chiaramente come raccogliamo, utilizziamo e conserviamo i dati delle persone che contattano la nostra Organizzazione:<\/p>\n<\/div><div class=\"fusion-title title fusion-title-2 fusion-sep-none fusion-title-text fusion-title-size-three\"><h3 class=\"fusion-title-heading title-heading-left fusion-responsive-typography-calculated\" style=\"margin:0;--fontSize:40;line-height:1.1;\"><h4>Informazioni di base<\/h4><\/h3><\/div><div class=\"fusion-text fusion-text-2\" style=\"--awb-text-transform:none;\"><h6><strong>RESPONSABILE:<\/strong><\/h6>\n<h6><strong>EURO SISTEMAS DE RETENCI\u00d3N DE AGUAS S.L,<\/strong><\/h6>\n<h6><strong>SCOPO:<\/strong><\/h6>\n<ol>\n<li>Per fornire le informazioni o i servizi richiesti dall&#8217;utente.<\/li>\n<li>Per poter inviare le nostre newslatter e per inviare comunicazioni informative e pubblicitarie sui nostri prodotti e servizi, anche per via elettronica.<\/li>\n<\/ol>\n<p><strong>LEGITTIMITA&#8217;:<\/strong><\/p>\n<ul>\n<li>Consenso dell&#8217;interessato<\/li>\n<li>Rapporto contrattuale<\/li>\n<\/ul>\n<p><strong>TARGET DESTINATARI<\/strong> Amministrazioni ed enti pubblici per l&#8217;adempimento degli obblighi direttamente applicabili ai SISTEMI DI RECUPERO DELL&#8217;ACQUA EURO.<br \/><strong>DIRITTI<\/strong> Accesso, rettifica e cancellazione dei dati, nonch\u00e9 altri diritti, come spiegato nella seguente Informativa sulla privacy.<\/p>\n<\/div><div class=\"fusion-title title fusion-title-3 fusion-sep-none fusion-title-text fusion-title-size-three\"><h3 class=\"fusion-title-heading title-heading-left fusion-responsive-typography-calculated\" style=\"margin:0;--fontSize:40;line-height:1.1;\">Titolare del trattamento dei dati<\/h3><\/div><div class=\"fusion-text fusion-text-3\" style=\"--awb-text-transform:none;\"><p><strong>EURO SISTEMAS DE RETENCI\u00d3N DE AGUAS S.L, un&#8217;entit\u00e0 con sede legale a Narcis Monturiol 7, Vilassar de Mar 08339 Barcellona, con numero di identificazione fiscale B66715707, Tel: 936 386 187  <\/strong><\/p>\n<\/div><div class=\"fusion-title title fusion-title-4 fusion-sep-none fusion-title-text fusion-title-size-three\"><h3 class=\"fusion-title-heading title-heading-left fusion-responsive-typography-calculated\" style=\"margin:0;--fontSize:40;line-height:1.1;\">Finalit\u00e0 del trattamento<\/h3><\/div><div class=\"fusion-text fusion-text-4\" style=\"--awb-text-transform:none;\"><p>Presso EURO SISTEMAS DE RETENCI\u00d3N DE AGUAS i dati vengono trattati per le seguenti finalit\u00e0, a seconda del motivo per cui ce li avete forniti:<\/p>\n<ol>\n<li>Contattare il mittente delle informazioni, rispondere alla richiesta, alla domanda o al quesito, gestire la pubblicazione di richieste e commenti e il successivo follow-up.<\/li>\n<li>Gestire e controllare il portafoglio clienti.<\/li>\n<li>Gestire, se del caso, il processo di registrazione dell&#8217;UTENTE sulla Piattaforma online.<\/li>\n<li>Effettuare, se del caso, la profilazione dell&#8217;UTENTE al fine di offrire contenuti, prodotti e servizi in modo personalizzato.<\/li>\n<li>Valutare e gestire, se del caso, il proprio Curriculum Vitae per i processi di selezione che si adattano al proprio profilo professionale e svolgere le azioni necessarie per la selezione e l&#8217;assunzione del personale.<\/li>\n<li>Nei casi in cui l&#8217;Utente acconsenta espressamente, per inviare comunicazioni pubblicitarie e informazioni commerciali su EURO SISTEMAS DE RETENCI\u00d3N DE AGUAS o su entit\u00e0 con le quali ha stabilito collaborazioni tramite Accordi, sulle sue attivit\u00e0, prodotti, servizi, offerte, concorsi, promozioni speciali, nonch\u00e9 documentazione di diversa natura che possa essere di interesse o utile per l&#8217;Utente e\/o il Cliente.<\/li>\n<\/ol>\n<\/div><div class=\"fusion-title title fusion-title-5 fusion-sep-none fusion-title-text fusion-title-size-three\"><h3 class=\"fusion-title-heading title-heading-left fusion-responsive-typography-calculated\" style=\"margin:0;--fontSize:40;line-height:1.1;\">Durata del trattamento dei dati<\/h3><\/div><div class=\"fusion-text fusion-text-5\" style=\"--awb-text-transform:none;\"><p>I dati personali forniti saranno conservati per tutto il tempo in cui viene mantenuto il rapporto contrattuale, la loro cancellazione non \u00e8 richiesta dall&#8217;interessato e non devono essere cancellati perch\u00e9 necessari per l&#8217;adempimento di un obbligo legale o per la formulazione, l&#8217;esercizio e la difesa di diritti.<br \/>Nel caso in cui gli utenti ritirino il consenso al trattamento dei propri dati o esercitino i diritti di cancellazione o eliminazione, i loro dati personali saranno tenuti bloccati a disposizione dell&#8217;Amministrazione della Giustizia per i periodi stabiliti dalla legge, al fine di far fronte a eventuali responsabilit\u00e0 derivanti dal trattamento degli stessi.<\/p>\n<\/div><div class=\"fusion-title title fusion-title-6 fusion-sep-none fusion-title-text fusion-title-size-three\"><h3 class=\"fusion-title-heading title-heading-left fusion-responsive-typography-calculated\" style=\"margin:0;--fontSize:40;line-height:1.1;\">Legittimazione al trattamento dei dati<\/h3><\/div><div class=\"fusion-text fusion-text-6\" style=\"--awb-text-transform:none;\"><ul>\n<li>La base giuridica del trattamento dei vostri dati per le finalit\u00e0 da 1 a 4 \u00e8 l&#8217;esecuzione del servizio in questione.<\/li>\n<li>L&#8217;offerta prospettica di prodotti e servizi ai clienti si basa sulla soddisfazione del legittimo interesse commerciale di poter offrire ai nostri clienti la contrattazione di altri prodotti o servizi e quindi di fidelizzarli. Tale interesse legittimo \u00e8 riconosciuto dalla normativa applicabile (Regolamento generale sulla protezione dei dati), che consente espressamente il trattamento dei dati personali su tale base giuridica per finalit\u00e0 di marketing diretto.<br \/>Tuttavia, vi ricordiamo che avete il diritto di opporvi a questo trattamento dei vostri dati con una qualsiasi delle modalit\u00e0 descritte nella presente Informativa.<\/li>\n<li>La base per l&#8217;invio di comunicazioni commerciali a utenti non clienti \u00e8 il consenso richiesto, che pu\u00f2 essere revocato in qualsiasi momento. La revoca di tale consenso non pregiudica in alcun caso l&#8217;esecuzione del contratto, ma qualsiasi trattamento dei dati per tale finalit\u00e0 precedentemente effettuato non perde la sua liceit\u00e0 a causa della revoca del consenso.<\/li>\n<li>La base per il trattamento dei CV \u00e8 il consenso dato dal candidato al momento dell&#8217;invio del suo CV per partecipare ai processi di selezione.<\/li>\n<\/ul>\n<\/div><div class=\"fusion-title title fusion-title-7 fusion-sep-none fusion-title-text fusion-title-size-three\"><h3 class=\"fusion-title-heading title-heading-left fusion-responsive-typography-calculated\" style=\"margin:0;--fontSize:40;line-height:1.1;\">Comunicazione dei dati<\/h3><\/div><div class=\"fusion-text fusion-text-7\" style=\"--awb-text-transform:none;\"><p>In generale, i dati dell&#8217;Utente non saranno comunicati a terzi. Fermo restando ci\u00f2, tali dati potranno essere comunicati:<\/p>\n<ul>\n<li>Le Pubbliche Amministrazioni competenti, nei casi previsti dalla Legge e per le finalit\u00e0 ivi definite.<\/li>\n<li>Societ\u00e0 con le quali EURO SISTEMAS DE RETENCI\u00d3N DE AGUAS mantiene accordi di collaborazione per il corretto adempimento del contratto di fornitura di servizi.<\/li>\n<li>Fornitori di servizi IT, compresi i servizi di cloud computing.<\/li>\n<\/ul>\n<p>Per l&#8217;invio di newslatter o newsletter possiamo utilizzare lo strumento Mailchimp, che appartiene alla societ\u00e0 statunitense The Rocket Group, LLC. Non si tratta di un trasferimento di dati, ma i dati saranno utilizzati da questa piattaforma al solo scopo di inviare le newsletter. Inoltre, l&#8217;azienda \u00e8 firmataria del protocollo Privacy Shield che consente il trasferimento internazionale di dati tra l&#8217;UE e gli USA.<\/p>\n<\/div><div class=\"fusion-text fusion-text-8\" style=\"--awb-text-transform:none;\"><p>Chiunque ci fornisca i propri dati ha i seguenti diritti:<\/p>\n<ul>\n<li>Chiunque ha il diritto di ottenere la conferma che stiamo trattando dati personali che lo riguardano o meno. Gli interessati hanno il diritto di accedere ai propri dati personali, nonch\u00e9 di richiedere la rettifica dei dati inesatti o, se del caso, di richiederne la cancellazione quando, tra le altre ragioni, i dati non sono pi\u00f9 necessari per gli scopi per cui sono stati raccolti.<\/li>\n<li>Alle condizioni previste dal Regolamento generale sulla protezione dei dati, gli interessati possono richiedere la limitazione del trattamento dei loro dati o la loro portabilit\u00e0, nel qual caso li conserveremo solo per l&#8217;esercizio o la difesa dei diritti.<\/li>\n<li>In determinate circostanze e per motivi legati alla loro situazione particolare, gli interessati possono opporsi al trattamento dei loro dati. Se avete dato il consenso per una finalit\u00e0 specifica, avete il diritto di revocare il vostro consenso in qualsiasi momento, senza pregiudicare la liceit\u00e0 del trattamento basato sul consenso prima della sua revoca. In questi casi, interromperemo l&#8217;elaborazione dei dati o, se del caso, interromperemo l&#8217;elaborazione dei dati per quella specifica finalit\u00e0, tranne che per motivi legittimi impellenti o per l&#8217;esercizio o la difesa di eventuali rivendicazioni.<\/li>\n<li>Tutti i diritti di cui sopra possono essere esercitati attraverso le modalit\u00e0 di contatto elencate nella sezione &#8220;Titolare del trattamento&#8221; della presente Informativa sulla privacy.<\/li>\n<li>In caso di violazione dei propri diritti, in particolare se non si \u00e8 ottenuta soddisfazione nell&#8217;esercizio dei propri diritti, \u00e8 possibile presentare un reclamo all&#8217;Agenzia spagnola per la protezione dei dati (dati di contatto disponibili all&#8217;indirizzo www.agpd.es) o a un&#8217;altra autorit\u00e0 di controllo competente. \u00c8 inoltre possibile ottenere maggiori informazioni sui propri diritti contattando questi organismi.<\/li>\n<\/ul>\n<p>In ogni caso, per l&#8217;esercizio dei suddetti diritti abbiamo a disposizione il seguente indirizzo e-mail: <a href=\"mailto:privacidad@globocortaaguas.com\">privacidad@globocortaaguas.com.<\/a><\/p>\n<\/div><div class=\"fusion-title title fusion-title-8 fusion-sep-none fusion-title-text fusion-title-size-three\"><h3 class=\"fusion-title-heading title-heading-left fusion-responsive-typography-calculated\" style=\"margin:0;--fontSize:40;line-height:1.1;\">Dati di terze parti<\/h3><\/div><div class=\"fusion-text fusion-text-9\" style=\"--awb-text-transform:none;\"><p>Se fornite dati di terzi, vi assumete la responsabilit\u00e0 di informarli preventivamente di tutte le disposizioni dell&#8217;articolo 14 del Regolamento generale sulla protezione dei dati alle condizioni ivi stabilite.<\/p>\n<\/div><div class=\"fusion-title title fusion-title-9 fusion-sep-none fusion-title-text fusion-title-size-three\"><h3 class=\"fusion-title-heading title-heading-left fusion-responsive-typography-calculated\" style=\"margin:0;--fontSize:40;line-height:1.1;\">Modifica dell&#8217;informativa sulla privacy<\/h3><\/div><div class=\"fusion-text fusion-text-10\" style=\"--awb-text-transform:none;\"><p>EURO SISTEMAS DE RETENCI\u00d3N DE AGUAS S.L pu\u00f2 modificare la presente Informativa sulla privacy in qualsiasi momento.<br \/>La presente Informativa sulla privacy \u00e8 aggiornata al 23 maggio 2018.<\/p>\n<\/div><\/div><\/div><\/div><\/div>\n","protected":false},"excerpt":{"rendered":"","protected":false},"author":1,"featured_media":0,"parent":0,"menu_order":0,"comment_status":"closed","ping_status":"closed","template":"","meta":{"footnotes":""},"class_list":["post-3783","page","type-page","status-publish","hentry"],"yoast_head":"<!-- This site is optimized with the Yoast SEO plugin v26.1 - https:\/\/yoast.com\/wordpress\/plugins\/seo\/ -->\n<title>Informativa sulla privacy - Globo Corta Aguas<\/title>\n<meta name=\"robots\" content=\"index, follow, max-snippet:-1, max-image-preview:large, max-video-preview:-1\" \/>\n<link rel=\"canonical\" href=\"https:\/\/globocortaaguas.com\/it\/informativa-sulla-privacy\/\" \/>\n<meta property=\"og:locale\" content=\"it_IT\" \/>\n<meta property=\"og:type\" content=\"article\" \/>\n<meta property=\"og:title\" content=\"Informativa sulla privacy - Globo Corta Aguas\" \/>\n<meta property=\"og:url\" content=\"https:\/\/globocortaaguas.com\/it\/informativa-sulla-privacy\/\" \/>\n<meta property=\"og:site_name\" content=\"Globo Corta Aguas\" \/>\n<meta property=\"article:modified_time\" content=\"2023-06-08T14:44:57+00:00\" \/>\n<meta name=\"twitter:card\" content=\"summary_large_image\" \/>\n<meta name=\"twitter:label1\" content=\"Tempo di lettura stimato\" \/>\n\t<meta name=\"twitter:data1\" content=\"12 minuti\" \/>\n<script type=\"application\/ld+json\" class=\"yoast-schema-graph\">{\"@context\":\"https:\/\/schema.org\",\"@graph\":[{\"@type\":\"WebPage\",\"@id\":\"https:\/\/globocortaaguas.com\/it\/informativa-sulla-privacy\/\",\"url\":\"https:\/\/globocortaaguas.com\/it\/informativa-sulla-privacy\/\",\"name\":\"Informativa sulla privacy - Globo Corta Aguas\",\"isPartOf\":{\"@id\":\"https:\/\/globocortaaguas.com\/it\/#website\"},\"datePublished\":\"2021-11-30T11:32:14+00:00\",\"dateModified\":\"2023-06-08T14:44:57+00:00\",\"breadcrumb\":{\"@id\":\"https:\/\/globocortaaguas.com\/it\/informativa-sulla-privacy\/#breadcrumb\"},\"inLanguage\":\"it-IT\",\"potentialAction\":[{\"@type\":\"ReadAction\",\"target\":[\"https:\/\/globocortaaguas.com\/it\/informativa-sulla-privacy\/\"]}]},{\"@type\":\"BreadcrumbList\",\"@id\":\"https:\/\/globocortaaguas.com\/it\/informativa-sulla-privacy\/#breadcrumb\",\"itemListElement\":[{\"@type\":\"ListItem\",\"position\":1,\"name\":\"Portada\",\"item\":\"https:\/\/globocortaaguas.com\/it\/\"},{\"@type\":\"ListItem\",\"position\":2,\"name\":\"Informativa sulla privacy\"}]},{\"@type\":\"WebSite\",\"@id\":\"https:\/\/globocortaaguas.com\/it\/#website\",\"url\":\"https:\/\/globocortaaguas.com\/it\/\",\"name\":\"Globo Corta Aguas\",\"description\":\"Minimiza los riesgos higi\u00e9nicos en reparaciones\",\"publisher\":{\"@id\":\"https:\/\/globocortaaguas.com\/it\/#organization\"},\"potentialAction\":[{\"@type\":\"SearchAction\",\"target\":{\"@type\":\"EntryPoint\",\"urlTemplate\":\"https:\/\/globocortaaguas.com\/it\/?s={search_term_string}\"},\"query-input\":{\"@type\":\"PropertyValueSpecification\",\"valueRequired\":true,\"valueName\":\"search_term_string\"}}],\"inLanguage\":\"it-IT\"},{\"@type\":\"Organization\",\"@id\":\"https:\/\/globocortaaguas.com\/it\/#organization\",\"name\":\"Globo Corta Aguas\",\"url\":\"https:\/\/globocortaaguas.com\/it\/\",\"logo\":{\"@type\":\"ImageObject\",\"inLanguage\":\"it-IT\",\"@id\":\"https:\/\/globocortaaguas.com\/it\/#\/schema\/logo\/image\/\",\"url\":\"https:\/\/globocortaaguas.com\/wp-content\/uploads\/2021\/11\/WEB.png\",\"contentUrl\":\"https:\/\/globocortaaguas.com\/wp-content\/uploads\/2021\/11\/WEB.png\",\"width\":1080,\"height\":588,\"caption\":\"Globo Corta Aguas\"},\"image\":{\"@id\":\"https:\/\/globocortaaguas.com\/it\/#\/schema\/logo\/image\/\"},\"sameAs\":[\"https:\/\/www.instagram.com\/globo_cortaaguas\/\",\"https:\/\/www.linkedin.com\/company\/globo-corta-aguas-reparaciones\/\"]}]}<\/script>\n<!-- \/ Yoast SEO plugin. -->","yoast_head_json":{"title":"Informativa sulla privacy - Globo Corta Aguas","robots":{"index":"index","follow":"follow","max-snippet":"max-snippet:-1","max-image-preview":"max-image-preview:large","max-video-preview":"max-video-preview:-1"},"canonical":"https:\/\/globocortaaguas.com\/it\/informativa-sulla-privacy\/","og_locale":"it_IT","og_type":"article","og_title":"Informativa sulla privacy - Globo Corta Aguas","og_url":"https:\/\/globocortaaguas.com\/it\/informativa-sulla-privacy\/","og_site_name":"Globo Corta Aguas","article_modified_time":"2023-06-08T14:44:57+00:00","twitter_card":"summary_large_image","twitter_misc":{"Tempo di lettura stimato":"12 minuti"},"schema":{"@context":"https:\/\/schema.org","@graph":[{"@type":"WebPage","@id":"https:\/\/globocortaaguas.com\/it\/informativa-sulla-privacy\/","url":"https:\/\/globocortaaguas.com\/it\/informativa-sulla-privacy\/","name":"Informativa sulla privacy - Globo Corta Aguas","isPartOf":{"@id":"https:\/\/globocortaaguas.com\/it\/#website"},"datePublished":"2021-11-30T11:32:14+00:00","dateModified":"2023-06-08T14:44:57+00:00","breadcrumb":{"@id":"https:\/\/globocortaaguas.com\/it\/informativa-sulla-privacy\/#breadcrumb"},"inLanguage":"it-IT","potentialAction":[{"@type":"ReadAction","target":["https:\/\/globocortaaguas.com\/it\/informativa-sulla-privacy\/"]}]},{"@type":"BreadcrumbList","@id":"https:\/\/globocortaaguas.com\/it\/informativa-sulla-privacy\/#breadcrumb","itemListElement":[{"@type":"ListItem","position":1,"name":"Portada","item":"https:\/\/globocortaaguas.com\/it\/"},{"@type":"ListItem","position":2,"name":"Informativa sulla privacy"}]},{"@type":"WebSite","@id":"https:\/\/globocortaaguas.com\/it\/#website","url":"https:\/\/globocortaaguas.com\/it\/","name":"Globo Corta Aguas","description":"Minimiza los riesgos higi\u00e9nicos en reparaciones","publisher":{"@id":"https:\/\/globocortaaguas.com\/it\/#organization"},"potentialAction":[{"@type":"SearchAction","target":{"@type":"EntryPoint","urlTemplate":"https:\/\/globocortaaguas.com\/it\/?s={search_term_string}"},"query-input":{"@type":"PropertyValueSpecification","valueRequired":true,"valueName":"search_term_string"}}],"inLanguage":"it-IT"},{"@type":"Organization","@id":"https:\/\/globocortaaguas.com\/it\/#organization","name":"Globo Corta Aguas","url":"https:\/\/globocortaaguas.com\/it\/","logo":{"@type":"ImageObject","inLanguage":"it-IT","@id":"https:\/\/globocortaaguas.com\/it\/#\/schema\/logo\/image\/","url":"https:\/\/globocortaaguas.com\/wp-content\/uploads\/2021\/11\/WEB.png","contentUrl":"https:\/\/globocortaaguas.com\/wp-content\/uploads\/2021\/11\/WEB.png","width":1080,"height":588,"caption":"Globo Corta Aguas"},"image":{"@id":"https:\/\/globocortaaguas.com\/it\/#\/schema\/logo\/image\/"},"sameAs":["https:\/\/www.instagram.com\/globo_cortaaguas\/","https:\/\/www.linkedin.com\/company\/globo-corta-aguas-reparaciones\/"]}]}},"_links":{"self":[{"href":"https:\/\/globocortaaguas.com\/it\/wp-json\/wp\/v2\/pages\/3783","targetHints":{"allow":["GET"]}}],"collection":[{"href":"https:\/\/globocortaaguas.com\/it\/wp-json\/wp\/v2\/pages"}],"about":[{"href":"https:\/\/globocortaaguas.com\/it\/wp-json\/wp\/v2\/types\/page"}],"author":[{"embeddable":true,"href":"https:\/\/globocortaaguas.com\/it\/wp-json\/wp\/v2\/users\/1"}],"replies":[{"embeddable":true,"href":"https:\/\/globocortaaguas.com\/it\/wp-json\/wp\/v2\/comments?post=3783"}],"version-history":[{"count":2,"href":"https:\/\/globocortaaguas.com\/it\/wp-json\/wp\/v2\/pages\/3783\/revisions"}],"predecessor-version":[{"id":3788,"href":"https:\/\/globocortaaguas.com\/it\/wp-json\/wp\/v2\/pages\/3783\/revisions\/3788"}],"wp:attachment":[{"href":"https:\/\/globocortaaguas.com\/it\/wp-json\/wp\/v2\/media?parent=3783"}],"curies":[{"name":"wp","href":"https:\/\/api.w.org\/{rel}","templated":true}]}}